{"id":34,"date":"2020-08-25T20:55:06","date_gmt":"2020-08-25T20:55:06","guid":{"rendered":"http:\/\/ajkaovoda.hu\/patakparti-ovoda\/blogbejegyzesek\/"},"modified":"2025-12-01T21:39:33","modified_gmt":"2025-12-01T19:39:33","slug":"blogbejegyzesek","status":"publish","type":"page","link":"https:\/\/ajkaovoda.hu\/patakparti-ovoda\/blogbejegyzesek\/","title":{"rendered":"Blogbejegyz\u00e9sek"},"content":{"rendered":"<div id=\"fb-root\"><\/div>\n<p>[et_pb_section fb_built=&#8221;1&#8243; custom_padding_last_edited=&#8221;on|phone&#8221; admin_label=&#8221;Hero&#8221; _builder_version=&#8221;4.16&#8243; use_background_color_gradient=&#8221;on&#8221; background_color_gradient_stops=&#8221;rgba(49,128,192,0.2) 0%|rgba(49,128,192,0.6) 100%&#8221; background_color_gradient_overlays_image=&#8221;on&#8221; background_color_gradient_start=&#8221;rgba(49,128,192,0.2)&#8221; background_color_gradient_end=&#8221;rgba(49,128,192,0.6)&#8221; background_image=&#8221;https:\/\/ajkaovoda.hu\/patakparti-ovoda\/wp-content\/uploads\/sites\/4\/2020\/09\/creek-4198377_1280-1.jpg&#8221; custom_margin=&#8221;|2vw||||&#8221; custom_padding=&#8221;6vw||6vw||true|false&#8221; custom_padding_tablet=&#8221;100px||100px|&#8221; custom_padding_phone=&#8221;|||&#8221; animation_style=&#8221;slide&#8221; animation_direction=&#8221;left&#8221; animation_intensity_slide=&#8221;5%&#8221; border_radii=&#8221;|||30vw|&#8221; border_color_all=&#8221;#0ee1f4&#8243; border_width_right=&#8221;2vw&#8221; box_shadow_style=&#8221;preset4&#8243; box_shadow_horizontal=&#8221;20px&#8221; box_shadow_vertical=&#8221;0px&#8221; box_shadow_color=&#8221;rgba(14,225,244,0.33)&#8221; global_colors_info=&#8221;{}&#8221;][et_pb_row _builder_version=&#8221;4.16&#8243; custom_padding=&#8221;0|0px|27px|0px&#8221; global_colors_info=&#8221;{}&#8221;][et_pb_column type=&#8221;4_4&#8243; _builder_version=&#8221;4.16&#8243; custom_padding=&#8221;|||&#8221; global_colors_info=&#8221;{}&#8221; custom_padding__hover=&#8221;|||&#8221;][et_pb_text admin_label=&#8221;Text&#8221; _builder_version=&#8221;4.16&#8243; text_font=&#8221;Montserrat|300|||||||&#8221; text_font_size=&#8221;22px&#8221; text_line_height=&#8221;1.8em&#8221; ul_font=&#8221;||||||||&#8221; header_font=&#8221;Montserrat|500|||||||&#8221; header_font_size=&#8221;5vw&#8221; header_line_height=&#8221;1.2em&#8221; text_orientation=&#8221;center&#8221; background_layout=&#8221;dark&#8221; module_alignment=&#8221;center&#8221; text_line_height_tablet=&#8221;2em&#8221; text_line_height_phone=&#8221;2em&#8221; text_line_height_last_edited=&#8221;off|desktop&#8221; header_font_size_tablet=&#8221;40px&#8221; header_font_size_phone=&#8221;&#8221; header_font_size_last_edited=&#8221;on|tablet&#8221; header_line_height_tablet=&#8221;1.2em&#8221; header_line_height_phone=&#8221;1.1em&#8221; header_line_height_last_edited=&#8221;on|phone&#8221; header_text_shadow_style=&#8221;preset3&#8243; header_text_shadow_color=&#8221;rgba(0,0,0,0.06)&#8221; global_colors_info=&#8221;{}&#8221;]<\/p>\n<h1>Blogbejegyz\u00e9sek<\/h1>\n<p>&nbsp;<\/p>\n<p>[\/et_pb_text][\/et_pb_column][\/et_pb_row][\/et_pb_section][et_pb_section fb_built=&#8221;1&#8243; admin_label=&#8221;Services&#8221; _builder_version=&#8221;4.16&#8243; background_color=&#8221;#ffffff&#8221; custom_padding=&#8221;28px|0px|28px|0px|true|false&#8221; animation_style=&#8221;fade&#8221; animation_delay=&#8221;300ms&#8221; animation_starting_opacity=&#8221;30%&#8221; border_radii=&#8221;off|15vw|||15vw&#8221; border_color_top=&#8221;#0c71c3&#8243; border_color_right=&#8221;#0c71c3&#8243; border_color_bottom=&#8221;#0c71c3&#8243; border_width_left=&#8221;20px&#8221; border_color_left=&#8221;#0c71c3&#8243; box_shadow_style=&#8221;preset7&#8243; box_shadow_horizontal=&#8221;20px&#8221; box_shadow_vertical=&#8221;0px&#8221; box_shadow_color=&#8221;#0ee1f4&#8243; global_colors_info=&#8221;{}&#8221;][et_pb_row _builder_version=&#8221;4.16&#8243; custom_padding=&#8221;|||&#8221; global_colors_info=&#8221;{}&#8221;][et_pb_column type=&#8221;4_4&#8243; _builder_version=&#8221;4.16&#8243; custom_padding=&#8221;|||&#8221; global_colors_info=&#8221;{}&#8221; custom_padding__hover=&#8221;|||&#8221;][et_pb_blog fullwidth=&#8221;off&#8221; posts_number=&#8221;6&#8243; meta_date=&#8221;Y&#8221; show_more=&#8221;on&#8221; show_author=&#8221;off&#8221; _builder_version=&#8221;4.27.4&#8243; _module_preset=&#8221;default&#8221; hover_enabled=&#8221;0&#8243; global_colors_info=&#8221;{}&#8221; show_categories=&#8221;off&#8221; sticky_enabled=&#8221;0&#8243;][\/et_pb_blog][et_pb_button button_url=&#8221;https:\/\/www.dropbox.com\/sh\/5u1z348qv5qodbw\/AAD5NdR-Nt8JvteBqwjUbBd2a?dl=0&#8243; button_text=&#8221;Kor\u00e1bbi cikkeink arch\u00edvuma&#8221; button_alignment=&#8221;center&#8221; _builder_version=&#8221;4.16&#8243; _module_preset=&#8221;default&#8221; custom_button=&#8221;on&#8221; button_border_radius=&#8221;25px&#8221; global_colors_info=&#8221;{}&#8221;][\/et_pb_button][\/et_pb_column][\/et_pb_row][\/et_pb_section][et_pb_section fb_built=&#8221;1&#8243; _builder_version=&#8221;4.6.1&#8243; _module_preset=&#8221;default&#8221; background_color=&#8221;#ffffff&#8221; background_image=&#8221;https:\/\/ajkaovoda.hu\/patakparti-ovoda\/wp-content\/uploads\/sites\/4\/2020\/09\/patakparti_background_transparent.png&#8221; background_size=&#8221;initial&#8221; background_position=&#8221;top_left&#8221; width=&#8221;100%&#8221; module_alignment=&#8221;left&#8221; custom_margin=&#8221;0px|0px|||false|false&#8221; custom_padding=&#8221;2px|0px|2px|0px|true|false&#8221; top_divider_color=&#8221;#0ee1f4&#8243; top_divider_height=&#8221;35px&#8221; top_divider_flip=&#8221;horizontal|vertical&#8221; bottom_divider_style=&#8221;curve2&#8243; bottom_divider_color=&#8221;#0ee1f4&#8243; bottom_divider_flip=&#8221;vertical&#8221; animation_style=&#8221;fade&#8221; border_radii=&#8221;off||15vw|15vw|&#8221; border_color_top=&#8221;#0c71c3&#8243; border_width_right=&#8221;20px&#8221; border_color_right=&#8221;#0c71c3&#8243; border_color_left=&#8221;#0c71c3&#8243; box_shadow_style=&#8221;preset7&#8243; box_shadow_horizontal=&#8221;-20px&#8221; box_shadow_vertical=&#8221;0px&#8221; box_shadow_color=&#8221;#0ee1f4&#8243; box_shadow_position=&#8221;outer&#8221; global_module=&#8221;3190&#8243; saved_tabs=&#8221;all&#8221; locked=&#8221;off&#8221; global_colors_info=&#8221;{}&#8221;][et_pb_row _builder_version=&#8221;4.16&#8243; _module_preset=&#8221;default&#8221; custom_padding=&#8221;4px||0px|||&#8221; global_colors_info=&#8221;{}&#8221;][et_pb_column type=&#8221;4_4&#8243; _builder_version=&#8221;4.16&#8243; _module_preset=&#8221;default&#8221; global_colors_info=&#8221;{}&#8221;][et_pb_text _builder_version=&#8221;4.16&#8243; text_font=&#8221;Montserrat||||||||&#8221; text_font_size=&#8221;15px&#8221; header_font=&#8221;||||||||&#8221; header_2_font=&#8221;Montserrat||||||||&#8221; header_2_font_size=&#8221;40px&#8221; header_2_line_height=&#8221;1.4em&#8221; header_4_font=&#8221;Montserrat||||||||&#8221; custom_margin=&#8221;||-27px|||&#8221; custom_padding=&#8221;25px||0px|||&#8221; header_2_font_size_tablet=&#8221;30px&#8221; header_2_font_size_phone=&#8221;24px&#8221; header_2_font_size_last_edited=&#8221;on|phone&#8221; locked=&#8221;off&#8221; global_colors_info=&#8221;{}&#8221;]<\/p>\n<h2 style=\"text-align: center;\">Kapcsolat<\/h2>\n<h4 style=\"text-align: center;\">\u00a0Nyitvatart\u00e1s rendje: h\u00e9tf\u0151t\u0151l p\u00e9ntekig 5:00-t\u00f3l 17:00 \u00f3r\u00e1ig<\/h4>\n<p style=\"text-align: center;\"><strong>\u00d3vodavezet\u0151-helyettes: <span>Peth\u0151 Anita<\/span><\/strong><br \/><strong><\/strong><strong><\/strong><\/p>\n<p style=\"text-align: center;\"><strong><span><\/span><\/strong><\/p>\n<p style=\"text-align: center;\"><strong><span><\/span><\/strong><\/p>\n<p>[\/et_pb_text][\/et_pb_column][\/et_pb_row][et_pb_row column_structure=&#8221;1_3,1_3,1_3&#8243; _builder_version=&#8221;4.16&#8243; max_width=&#8221;850px&#8221; use_custom_width=&#8221;on&#8221; custom_width_px=&#8221;850px&#8221; global_colors_info=&#8221;{}&#8221;][et_pb_column type=&#8221;1_3&#8243; _builder_version=&#8221;4.16&#8243; custom_padding=&#8221;|||&#8221; global_colors_info=&#8221;{}&#8221; custom_padding__hover=&#8221;|||&#8221;][et_pb_blurb title=&#8221;8400 Ajka, B\u00e9ke u. 33.&#8221; use_icon=&#8221;on&#8221; font_icon=&#8221;&#xe081;||divi||400&#8243; icon_color=&#8221;#000000&#8243; icon_placement=&#8221;left&#8221; image_icon_width_last_edited=&#8221;off|desktop&#8221; _builder_version=&#8221;4.16&#8243; header_font=&#8221;||||||||&#8221; header_text_color=&#8221;#000000&#8243; header_font_size=&#8221;16px&#8221; header_line_height=&#8221;2em&#8221; body_line_height=&#8221;2em&#8221; text_orientation=&#8221;center&#8221; background_layout=&#8221;dark&#8221; image_max_width_phone=&#8221;60px&#8221; image_max_width_last_edited=&#8221;off|desktop&#8221; locked=&#8221;off&#8221; global_colors_info=&#8221;{}&#8221;][\/et_pb_blurb][\/et_pb_column][et_pb_column type=&#8221;1_3&#8243; _builder_version=&#8221;4.16&#8243; custom_padding=&#8221;|||&#8221; global_colors_info=&#8221;{}&#8221; custom_padding__hover=&#8221;|||&#8221;][et_pb_blurb title=&#8221;+36 88\/508-040&#8243; use_icon=&#8221;on&#8221; font_icon=&#8221;&#xe090;||divi||400&#8243; icon_color=&#8221;#000000&#8243; icon_placement=&#8221;left&#8221; _builder_version=&#8221;4.16&#8243; header_font=&#8221;||||||||&#8221; header_text_color=&#8221;#000000&#8243; header_font_size=&#8221;16px&#8221; header_line_height=&#8221;2em&#8221; body_line_height=&#8221;2em&#8221; text_orientation=&#8221;center&#8221; background_layout=&#8221;dark&#8221; locked=&#8221;off&#8221; global_colors_info=&#8221;{}&#8221;][\/et_pb_blurb][et_pb_code _builder_version=&#8221;4.16&#8243; _module_preset=&#8221;default&#8221; global_colors_info=&#8221;{}&#8221;]<div class=\"fb-group\" data-href=\"https:\/\/www.facebook.com\/groups\/patakpartiovoda\" data-show-social-context=\"false\" data-show-metadata=\"false\" data-skin=\"light\"><\/div>[\/et_pb_code][\/et_pb_column][et_pb_column type=&#8221;1_3&#8243; _builder_version=&#8221;4.16&#8243; custom_padding=&#8221;|||&#8221; global_colors_info=&#8221;{}&#8221; custom_padding__hover=&#8221;|||&#8221;][et_pb_blurb title=&#8221;patakpartiajka@gmail.com&#8221; use_icon=&#8221;on&#8221; font_icon=&#8221;&#xe076;||divi||400&#8243; icon_color=&#8221;#000000&#8243; icon_placement=&#8221;left&#8221; _builder_version=&#8221;4.16&#8243; header_font=&#8221;||||||||&#8221; header_text_color=&#8221;#000000&#8243; header_font_size=&#8221;16px&#8221; header_line_height=&#8221;2em&#8221; body_line_height=&#8221;2em&#8221; text_orientation=&#8221;center&#8221; background_layout=&#8221;dark&#8221; locked=&#8221;off&#8221; global_colors_info=&#8221;{}&#8221;][\/et_pb_blurb][\/et_pb_column][\/et_pb_row][et_pb_row _builder_version=&#8221;4.16&#8243; _module_preset=&#8221;default&#8221; custom_margin=&#8221;11px|auto||auto||&#8221; custom_padding=&#8221;0px||0px|||&#8221; global_colors_info=&#8221;{}&#8221;][et_pb_column type=&#8221;4_4&#8243; _builder_version=&#8221;4.16&#8243; _module_preset=&#8221;default&#8221; global_colors_info=&#8221;{}&#8221;][et_pb_text _builder_version=&#8221;4.16&#8243; header_font=&#8221;||||||||&#8221; header_2_font=&#8221;Montserrat||||||||&#8221; header_2_font_size=&#8221;40px&#8221; header_2_line_height=&#8221;1.4em&#8221; background_color=&#8221;rgba(0,0,0,0)&#8221; custom_margin=&#8221;||-1px|||&#8221; custom_padding=&#8221;||0px|||&#8221; header_2_font_size_tablet=&#8221;30px&#8221; header_2_font_size_phone=&#8221;24px&#8221; header_2_font_size_last_edited=&#8221;on|phone&#8221; border_radii=&#8221;on|20px|20px|20px|20px&#8221; locked=&#8221;off&#8221; global_colors_info=&#8221;{}&#8221; box_shadow_spread__hover_enabled=&#8221;on|desktop&#8221;]<\/p>\n<h2 style=\"text-align: center;\">Kapcsol\u00f3d\u00f3 oldalaink<\/h2>\n<p>[\/et_pb_text][\/et_pb_column][\/et_pb_row][\/et_pb_section][et_pb_section fb_built=&#8221;1&#8243; specialty=&#8221;on&#8221; _builder_version=&#8221;4.16&#8243; _module_preset=&#8221;default&#8221; background_color=&#8221;#0ee1f4&#8243; background_enable_color=&#8221;off&#8221; use_background_color_gradient=&#8221;on&#8221; background_color_gradient_stops=&#8221;#0ee1f4 27%|#5a7013 100%&#8221; background_color_gradient_start=&#8221;#0ee1f4&#8243; background_color_gradient_start_position=&#8221;27%&#8221; background_color_gradient_end=&#8221;#5a7013&#8243; custom_margin=&#8221;0px|20px|||false|false&#8221; custom_padding=&#8221;0px|0px|||false|false&#8221; top_divider_color=&#8221;#0c71c3&#8243; top_divider_height=&#8221;35px&#8221; bottom_divider_color=&#8221;#0ee1f4&#8243; bottom_divider_height=&#8221;35px&#8221; bottom_divider_flip=&#8221;vertical&#8221; animation_style=&#8221;fade&#8221; border_radii=&#8221;off||15vw||&#8221; border_width_right=&#8221;20px&#8221; border_color_right=&#8221;#0c71c3&#8243; box_shadow_style=&#8221;preset4&#8243; box_shadow_horizontal=&#8221;20px&#8221; box_shadow_vertical=&#8221;0px&#8221; box_shadow_color=&#8221;#0ee1f4&#8243; saved_tabs=&#8221;all&#8221; global_colors_info=&#8221;{}&#8221;][et_pb_column type=&#8221;2_3&#8243; specialty_columns=&#8221;2&#8243; _builder_version=&#8221;4.16&#8243; custom_padding=&#8221;|||&#8221; global_colors_info=&#8221;{}&#8221; custom_padding__hover=&#8221;|||&#8221;][et_pb_row_inner column_structure=&#8221;1_3,1_3,1_3&#8243; _builder_version=&#8221;4.16&#8243; global_colors_info=&#8221;{}&#8221;][et_pb_column_inner type=&#8221;1_3&#8243; saved_specialty_column_type=&#8221;2_3&#8243; _builder_version=&#8221;4.16&#8243; custom_padding=&#8221;|||&#8221; global_colors_info=&#8221;{}&#8221; custom_padding__hover=&#8221;|||&#8221;][et_pb_testimonial quote_icon=&#8221;off&#8221; admin_label=&#8221;Testimonial&#8221; _builder_version=&#8221;4.16&#8243; body_font=&#8221;Rubik|||on|||||&#8221; body_font_size=&#8221;12px&#8221; body_line_height=&#8221;2em&#8221; background_color=&#8221;#ffffff&#8221; max_height=&#8221;200px&#8221; custom_margin=&#8221;|||&#8221; custom_padding=&#8221;45px|30px|96px|30px|false|true&#8221; animation_style=&#8221;zoom&#8221; animation_intensity_zoom=&#8221;10%&#8221; link_option_url=&#8221;https:\/\/ajkaovoda.hu\/&#8221; border_radii=&#8221;on|5px|5px|5px|5px&#8221; border_color_all=&#8221;#e02b20&#8243; border_width_top=&#8221;10px&#8221; box_shadow_style=&#8221;preset3&#8243; box_shadow_blur=&#8221;49px&#8221; box_shadow_color=&#8221;rgba(0,0,0,0.06)&#8221; global_colors_info=&#8221;{}&#8221;]<\/p>\n<h2 style=\"text-align: center;\">Ajka V\u00e1rosi \u00d3voda<\/h2>\n<p><img loading=\"lazy\" decoding=\"async\" src=\"https:\/\/ajkaovoda.hu\/patakparti-ovoda\/wp-content\/uploads\/sites\/4\/2020\/09\/ajkai_varosi_ovoda_logo-1.png\" width=\"99\" height=\"85\" alt=\"\" class=\"wp-image-2922 alignnone size-full\" style=\"display: block; margin-left: auto; margin-right: auto;\" \/><\/p>\n<p>[\/et_pb_testimonial][\/et_pb_column_inner][et_pb_column_inner type=&#8221;1_3&#8243; saved_specialty_column_type=&#8221;2_3&#8243; _builder_version=&#8221;4.16&#8243; _module_preset=&#8221;default&#8221; global_colors_info=&#8221;{}&#8221;][et_pb_testimonial quote_icon=&#8221;off&#8221; _builder_version=&#8221;4.16&#8243; body_font=&#8221;Rubik|||on|||||&#8221; body_font_size=&#8221;12px&#8221; body_line_height=&#8221;2em&#8221; author_font_size=&#8221;26px&#8221; background_color=&#8221;#ffffff&#8221; max_height=&#8221;200px&#8221; custom_margin=&#8221;|||&#8221; custom_padding=&#8221;42px|30px|42px|30px|true|true&#8221; animation_style=&#8221;zoom&#8221; animation_intensity_zoom=&#8221;10%&#8221; link_option_url=&#8221;https:\/\/ajkaovoda.hu\/hetszinvirag-ovoda\/&#8221; border_radii=&#8221;on|5px|5px|5px|5px&#8221; border_color_all=&#8221;#000000&#8243; border_width_top=&#8221;10px&#8221; border_color_top=&#8221;#bb00ff&#8221; box_shadow_style=&#8221;preset3&#8243; box_shadow_blur=&#8221;49px&#8221; box_shadow_color=&#8221;rgba(0,0,0,0.06)&#8221; global_colors_info=&#8221;{}&#8221;]<\/p>\n<h2 style=\"text-align: center;\">H\u00e9tsz\u00ednvir\u00e1g \u00d3voda<\/h2>\n<p><img loading=\"lazy\" decoding=\"async\" src=\"https:\/\/ajkaovoda.hu\/patakparti-ovoda\/wp-content\/uploads\/sites\/4\/2020\/09\/hetszinvirag_ovoda_logo-1.png\" width=\"248\" height=\"161\" alt=\"\" class=\"wp-image-148 alignnone size-full\" style=\"display: block; margin-left: auto; margin-right: auto;\" \/><\/p>\n<p>[\/et_pb_testimonial][\/et_pb_column_inner][et_pb_column_inner type=&#8221;1_3&#8243; saved_specialty_column_type=&#8221;2_3&#8243; _builder_version=&#8221;4.16&#8243; custom_padding=&#8221;|||&#8221; global_colors_info=&#8221;{}&#8221; custom_padding__hover=&#8221;|||&#8221;][et_pb_testimonial quote_icon=&#8221;off&#8221; _builder_version=&#8221;4.16&#8243; body_font=&#8221;Rubik|||on|||||&#8221; body_font_size=&#8221;12px&#8221; body_line_height=&#8221;2em&#8221; background_color=&#8221;#ffffff&#8221; max_height=&#8221;200px&#8221; custom_margin=&#8221;|||&#8221; custom_padding=&#8221;40px|30px|40px|30px|true|true&#8221; animation_style=&#8221;zoom&#8221; animation_intensity_zoom=&#8221;10%&#8221; link_option_url=&#8221;https:\/\/ajkaovoda.hu\/zoldikek-ovoda\/&#8221; border_radii=&#8221;on|5px|5px|5px|5px&#8221; border_color_all=&#8221;#000000&#8243; border_width_top=&#8221;10px&#8221; border_color_top=&#8221;#84c120&#8243; box_shadow_style=&#8221;preset3&#8243; box_shadow_blur=&#8221;49px&#8221; box_shadow_color=&#8221;rgba(0,0,0,0.06)&#8221; global_colors_info=&#8221;{}&#8221;]<\/p>\n<h2 style=\"text-align: center;\">Z\u00f6ldik\u00e9k \u00d3voda<\/h2>\n<p><img loading=\"lazy\" decoding=\"async\" src=\"https:\/\/ajkaovoda.hu\/patakparti-ovoda\/wp-content\/uploads\/sites\/4\/2020\/09\/zoldikek_logo.png\" width=\"100\" height=\"79\" alt=\"\" class=\"wp-image-2921 alignnone size-full\" style=\"display: block; margin-left: auto; margin-right: auto;\" \/><\/p>\n<p>[\/et_pb_testimonial][\/et_pb_column_inner][\/et_pb_row_inner][et_pb_row_inner column_structure=&#8221;1_2,1_2&#8243; _builder_version=&#8221;4.16&#8243; global_colors_info=&#8221;{}&#8221;][et_pb_column_inner type=&#8221;1_2&#8243; saved_specialty_column_type=&#8221;2_3&#8243; _builder_version=&#8221;4.16&#8243; _module_preset=&#8221;default&#8221; global_colors_info=&#8221;{}&#8221;][et_pb_testimonial quote_icon=&#8221;off&#8221; admin_label=&#8221;Testimonial&#8221; _builder_version=&#8221;4.16&#8243; body_font=&#8221;Rubik|||on|||||&#8221; body_font_size=&#8221;12px&#8221; body_line_height=&#8221;2em&#8221; background_color=&#8221;#ffffff&#8221; max_height=&#8221;200px&#8221; custom_margin=&#8221;|||&#8221; custom_padding=&#8221;39px|30px|77px|30px|false|true&#8221; animation_style=&#8221;zoom&#8221; animation_intensity_zoom=&#8221;10%&#8221; link_option_url=&#8221;https:\/\/ajkaovoda.hu\/vizikek-ovoda\/&#8221; border_radii=&#8221;on|5px|5px|5px|5px&#8221; border_width_top=&#8221;10px&#8221; border_color_top=&#8221;#2b76df&#8221; box_shadow_style=&#8221;preset3&#8243; box_shadow_blur=&#8221;49px&#8221; box_shadow_color=&#8221;rgba(0,0,0,0.06)&#8221; global_colors_info=&#8221;{}&#8221;]<\/p>\n<h2 style=\"text-align: center;\">Vizik\u00e9k \u00d3voda<\/h2>\n<p><img loading=\"lazy\" decoding=\"async\" src=\"https:\/\/ajkaovoda.hu\/patakparti-ovoda\/wp-content\/uploads\/sites\/4\/2020\/09\/vizikek_ovoda_logo.png\" width=\"158\" height=\"79\" alt=\"\" class=\"wp-image-3112 alignleft size-full\" style=\"display: block; margin-left: auto; margin-right: auto;\" srcset=\"https:\/\/ajkaovoda.hu\/patakparti-ovoda\/wp-content\/uploads\/sites\/4\/2020\/09\/vizikek_ovoda_logo.png 158w, https:\/\/ajkaovoda.hu\/patakparti-ovoda\/wp-content\/uploads\/sites\/4\/2020\/09\/vizikek_ovoda_logo-20x10.png 20w\" sizes=\"(max-width: 158px) 100vw, 158px\" \/><\/p>\n<p>[\/et_pb_testimonial][\/et_pb_column_inner][et_pb_column_inner type=&#8221;1_2&#8243; saved_specialty_column_type=&#8221;2_3&#8243; _builder_version=&#8221;4.16&#8243; custom_padding=&#8221;|||&#8221; global_colors_info=&#8221;{}&#8221; custom_padding__hover=&#8221;|||&#8221;][et_pb_testimonial quote_icon=&#8221;off&#8221; _builder_version=&#8221;4.16&#8243; body_font=&#8221;Rubik|||on|||||&#8221; body_font_size=&#8221;12px&#8221; body_line_height=&#8221;2em&#8221; background_color=&#8221;#ffffff&#8221; max_height=&#8221;200px&#8221; custom_margin=&#8221;|||&#8221; custom_padding=&#8221;41px|30px|53px|30px|false|true&#8221; animation_style=&#8221;zoom&#8221; animation_intensity_zoom=&#8221;10%&#8221; link_option_url=&#8221;https:\/\/ajkaovoda.hu\/szivarvany-ovoda\/&#8221; border_radii=&#8221;on|5px|5px|5px|5px&#8221; border_color_all=&#8221;#ff7355&#8243; border_width_top=&#8221;10px&#8221; border_color_top=&#8221;#aa3897&#8243; box_shadow_style=&#8221;preset3&#8243; box_shadow_blur=&#8221;49px&#8221; box_shadow_color=&#8221;rgba(0,0,0,0.06)&#8221; global_colors_info=&#8221;{}&#8221;]<\/p>\n<h2 style=\"text-align: center;\">Sziv\u00e1rv\u00e1ny \u00d3voda<\/h2>\n<h2 style=\"text-align: center;\"><img loading=\"lazy\" decoding=\"async\" src=\"https:\/\/ajkaovoda.hu\/patakparti-ovoda\/wp-content\/uploads\/sites\/4\/2020\/09\/szivarvany-logo.png\" width=\"100\" height=\"67\" alt=\"\" class=\"wp-image-2920 alignnone size-full\" \/><\/h2>\n<p>[\/et_pb_testimonial][\/et_pb_column_inner][\/et_pb_row_inner][et_pb_row_inner column_structure=&#8221;1_2,1_2&#8243; use_custom_gutter=&#8221;on&#8221; gutter_width=&#8221;1&#8243; _builder_version=&#8221;4.16&#8243; _module_preset=&#8221;default&#8221; module_alignment=&#8221;left&#8221; global_colors_info=&#8221;{}&#8221;][et_pb_column_inner type=&#8221;1_2&#8243; saved_specialty_column_type=&#8221;2_3&#8243; _builder_version=&#8221;4.16&#8243; _module_preset=&#8221;default&#8221; global_colors_info=&#8221;{}&#8221;][et_pb_code _builder_version=&#8221;4.16&#8243; _module_preset=&#8221;default&#8221; global_colors_info=&#8221;{}&#8221;]<\/p>\n<div class=\"wef-measure\" style=\"max-width: 450px;\"><\/div>\n<div class=\"fb-like\" data-href=\"https:\/\/ajkaovoda.hu\/patakparti-ovoda\/blogbejegyzesek\/\" data-action=\"like\" data-colorscheme=\"light\" data-kid-directed-site=\"false\" data-layout=\"button_count\" data-ref=\"\" data-share=\"true\" data-show-faces=\"true\" data-size=\"large\" data-width=\"450\"><\/div>\n<p>[\/et_pb_code][\/et_pb_column_inner][et_pb_column_inner type=&#8221;1_2&#8243; saved_specialty_column_type=&#8221;2_3&#8243; _builder_version=&#8221;4.16&#8243; _module_preset=&#8221;default&#8221; custom_padding=&#8221;|||68px|false|false&#8221; global_colors_info=&#8221;{}&#8221;][et_pb_text disabled_on=&#8221;on|on|off&#8221; _builder_version=&#8221;4.16&#8243; text_font=&#8221;||||||||&#8221; header_font=&#8221;||||||||&#8221; header_line_height=&#8221;0em&#8221; header_2_font=&#8221;|700|||||||&#8221; header_2_text_align=&#8221;center&#8221; header_2_font_size=&#8221;46px&#8221; header_2_line_height=&#8221;1.3em&#8221; header_3_font=&#8221;Fredoka One||||||||&#8221; header_3_font_size=&#8221;28px&#8221; header_3_letter_spacing=&#8221;2px&#8221; header_3_line_height=&#8221;1.3em&#8221; background_layout=&#8221;dark&#8221; max_width=&#8221;700px&#8221; module_alignment=&#8221;center&#8221; custom_margin=&#8221;||-3px|||&#8221; animation_style=&#8221;slide&#8221; animation_direction=&#8221;top&#8221; animation_intensity_slide=&#8221;5%&#8221; animation_starting_opacity=&#8221;100%&#8221; header_3_text_shadow_style=&#8221;preset4&#8243; global_colors_info=&#8221;{}&#8221;]<\/p>\n<h3 style=\"text-align: center;\">Szeretettel v\u00e1rjuk \u00f3vod\u00e1nkban!<\/h3>\n<p>[\/et_pb_text][\/et_pb_column_inner][\/et_pb_row_inner][\/et_pb_column][et_pb_column type=&#8221;1_3&#8243; _builder_version=&#8221;4.16&#8243; custom_padding=&#8221;|||&#8221; global_colors_info=&#8221;{}&#8221; custom_padding__hover=&#8221;|||&#8221;][et_pb_code _builder_version=&#8221;4.16&#8243; _module_preset=&#8221;default&#8221; max_height=&#8221;458px&#8221; border_radii=&#8221;on|5px|5px|5px|5px&#8221; global_colors_info=&#8221;{}&#8221;]<div class=\"fb-page\" data-href=\"https:\/\/www.facebook.com\/ajkaovoda\" data-width=\"340\" data-height=\"500\" data-tabs=\"timeline,events,messages\" data-hide-cover=\"false\" data-show-facepile=\"false\" data-hide-cta=\"false\" data-small-header=\"false\" data-adapt-container-width=\"true\"><\/div>[\/et_pb_code][\/et_pb_column][\/et_pb_section]<\/p>\n","protected":false},"excerpt":{"rendered":"<p>Blogbejegyz\u00e9sek &nbsp;Kapcsolat \u00a0Nyitvatart\u00e1s rendje: h\u00e9tf\u0151t\u0151l p\u00e9ntekig 5:00-t\u00f3l 17:00 \u00f3r\u00e1ig \u00d3vodavezet\u0151-helyettes: Peth\u0151 Anita <div class=\"fb-group\" data-href=\"https:\/\/www.facebook.com\/groups\/patakpartiovoda\" data-show-social-context=\"false\" data-show-metadata=\"false\" data-skin=\"light\"><\/div>Kapcsol\u00f3d\u00f3 oldalainkAjka V\u00e1rosi \u00d3voda H\u00e9tsz\u00ednvir\u00e1g \u00d3voda Z\u00f6ldik\u00e9k \u00d3voda Vizik\u00e9k \u00d3voda Sziv\u00e1rv\u00e1ny \u00d3voda Szeretettel v\u00e1rjuk \u00f3vod\u00e1nkban!<div class=\"fb-page\" data-href=\"https:\/\/www.facebook.com\/ajkaovoda\" data-width=\"340\" data-height=\"500\" data-tabs=\"timeline,events,messages\" data-hide-cover=\"false\" data-show-facepile=\"false\" data-hide-cta=\"false\" data-small-header=\"false\" data-adapt-container-width=\"true\"><\/div><\/p>\n","protected":false},"author":1,"featured_media":0,"parent":0,"menu_order":0,"comment_status":"closed","ping_status":"closed","template":"","meta":{"_et_pb_use_builder":"on","_et_pb_old_content":"","_et_gb_content_width":"","footnotes":""},"class_list":["post-34","page","type-page","status-publish","hentry"],"_links":{"self":[{"href":"https:\/\/ajkaovoda.hu\/patakparti-ovoda\/wp-json\/wp\/v2\/pages\/34","targetHints":{"allow":["GET"]}}],"collection":[{"href":"https:\/\/ajkaovoda.hu\/patakparti-ovoda\/wp-json\/wp\/v2\/pages"}],"about":[{"href":"https:\/\/ajkaovoda.hu\/patakparti-ovoda\/wp-json\/wp\/v2\/types\/page"}],"author":[{"embeddable":true,"href":"https:\/\/ajkaovoda.hu\/patakparti-ovoda\/wp-json\/wp\/v2\/users\/1"}],"replies":[{"embeddable":true,"href":"https:\/\/ajkaovoda.hu\/patakparti-ovoda\/wp-json\/wp\/v2\/comments?post=34"}],"version-history":[{"count":2,"href":"https:\/\/ajkaovoda.hu\/patakparti-ovoda\/wp-json\/wp\/v2\/pages\/34\/revisions"}],"predecessor-version":[{"id":3539,"href":"https:\/\/ajkaovoda.hu\/patakparti-ovoda\/wp-json\/wp\/v2\/pages\/34\/revisions\/3539"}],"wp:attachment":[{"href":"https:\/\/ajkaovoda.hu\/patakparti-ovoda\/wp-json\/wp\/v2\/media?parent=34"}],"curies":[{"name":"wp","href":"https:\/\/api.w.org\/{rel}","templated":true}]}}